{"id":2502,"date":"2025-11-20T10:59:23","date_gmt":"2025-11-20T09:59:23","guid":{"rendered":"https:\/\/www.fervex.pl\/przeziebienie\/?page_id=2502"},"modified":"2025-11-26T11:03:35","modified_gmt":"2025-11-26T10:03:35","slug":"gdzie-kupic","status":"publish","type":"page","link":"https:\/\/www.fervex.pl\/przeziebienie\/gdzie-kupic\/","title":{"rendered":"Gdzie kupi\u0107"},"content":{"rendered":"\t\t<div data-elementor-type=\"wp-page\" data-elementor-id=\"2502\" class=\"elementor elementor-2502\" data-elementor-post-type=\"page\">\n\t\t\t\t\t\t<section class=\"elementor-section elementor-top-section elementor-element elementor-element-790d00b7 elementor-section-boxed elementor-section-height-default elementor-section-height-default\" data-id=\"790d00b7\" data-element_type=\"section\" data-e-type=\"section\">\n\t\t\t\t\t\t<div class=\"elementor-container elementor-column-gap-default\">\n\t\t\t\t\t<div class=\"elementor-column elementor-col-100 elementor-top-column elementor-element elementor-element-43c89e07\" data-id=\"43c89e07\" data-element_type=\"column\" data-e-type=\"column\">\n\t\t\t<div class=\"elementor-widget-wrap elementor-element-populated\">\n\t\t\t\t\t\t<div class=\"elementor-element elementor-element-1fcf0d8f elementor-widget elementor-widget-spacer\" data-id=\"1fcf0d8f\" data-element_type=\"widget\" data-e-type=\"widget\" data-widget_type=\"spacer.default\">\n\t\t\t\t<div class=\"elementor-widget-container\">\n\t\t\t\t\t\t\t<div class=\"elementor-spacer\">\n\t\t\t<div class=\"elementor-spacer-inner\"><\/div>\n\t\t<\/div>\n\t\t\t\t\t\t<\/div>\n\t\t\t\t<\/div>\n\t\t\t\t\t<\/div>\n\t\t<\/div>\n\t\t\t\t\t<\/div>\n\t\t<\/section>\n\t\t\t\t<section class=\"elementor-section elementor-top-section elementor-element elementor-element-138028a3 elementor-section-boxed elementor-section-height-default elementor-section-height-default\" data-id=\"138028a3\" data-element_type=\"section\" data-e-type=\"section\">\n\t\t\t\t\t\t<div class=\"elementor-container elementor-column-gap-default\">\n\t\t\t\t\t<div class=\"elementor-column elementor-col-100 elementor-top-column elementor-element elementor-element-440ba65b\" data-id=\"440ba65b\" data-element_type=\"column\" data-e-type=\"column\">\n\t\t\t<div class=\"elementor-widget-wrap elementor-element-populated\">\n\t\t\t\t\t\t<div class=\"elementor-element elementor-element-173375d5 elementor-widget elementor-widget-heading\" data-id=\"173375d5\" data-element_type=\"widget\" data-e-type=\"widget\" data-widget_type=\"heading.default\">\n\t\t\t\t<div class=\"elementor-widget-container\">\n\t\t\t\t\t<h2 class=\"elementor-heading-title elementor-size-default\">Gdzie  kupi\u0107?<\/h2>\t\t\t\t<\/div>\n\t\t\t\t<\/div>\n\t\t\t\t<div class=\"elementor-element elementor-element-26f54f55 elementor-widget elementor-widget-heading\" data-id=\"26f54f55\" data-element_type=\"widget\" data-e-type=\"widget\" data-widget_type=\"heading.default\">\n\t\t\t\t<div class=\"elementor-widget-container\">\n\t\t\t\t\t<h2 class=\"elementor-heading-title elementor-size-default\">Sprawd\u017a dost\u0119pno\u015b\u0107<\/h2>\t\t\t\t<\/div>\n\t\t\t\t<\/div>\n\t\t\t\t<div class=\"elementor-element elementor-element-7dc8f549 elementor-widget elementor-widget-spacer\" data-id=\"7dc8f549\" data-element_type=\"widget\" data-e-type=\"widget\" data-widget_type=\"spacer.default\">\n\t\t\t\t<div class=\"elementor-widget-container\">\n\t\t\t\t\t\t\t<div class=\"elementor-spacer\">\n\t\t\t<div class=\"elementor-spacer-inner\"><\/div>\n\t\t<\/div>\n\t\t\t\t\t\t<\/div>\n\t\t\t\t<\/div>\n\t\t\t\t\t<\/div>\n\t\t<\/div>\n\t\t\t\t\t<\/div>\n\t\t<\/section>\n\t\t\t\t<section class=\"elementor-section elementor-top-section elementor-element elementor-element-3347eb52 elementor-section-boxed elementor-section-height-default elementor-section-height-default\" data-id=\"3347eb52\" data-element_type=\"section\" data-e-type=\"section\">\n\t\t\t\t\t\t<div class=\"elementor-container elementor-column-gap-default\">\n\t\t\t\t\t<div class=\"elementor-column elementor-col-50 elementor-top-column elementor-element elementor-element-94f7e78\" data-id=\"94f7e78\" data-element_type=\"column\" data-e-type=\"column\" data-settings=\"{&quot;background_background&quot;:&quot;classic&quot;}\">\n\t\t\t<div class=\"elementor-widget-wrap elementor-element-populated\">\n\t\t\t\t\t\t<div class=\"elementor-element elementor-element-4e711b39 elementor-widget elementor-widget-image\" data-id=\"4e711b39\" data-element_type=\"widget\" data-e-type=\"widget\" data-widget_type=\"image.default\">\n\t\t\t\t<div class=\"elementor-widget-container\">\n\t\t\t\t\t\t\t\t\t\t\t\t\t\t\t<img decoding=\"async\" width=\"300\" height=\"82\" src=\"https:\/\/www.fervex.pl\/przeziebienie\/wp-content\/uploads\/2025\/11\/Ceneo_Logo.svg-768x211-1-300x82.webp\" class=\"attachment-medium size-medium wp-image-2507\" alt=\"\" srcset=\"https:\/\/www.fervex.pl\/przeziebienie\/wp-content\/uploads\/2025\/11\/Ceneo_Logo.svg-768x211-1-300x82.webp 300w, https:\/\/www.fervex.pl\/przeziebienie\/wp-content\/uploads\/2025\/11\/Ceneo_Logo.svg-768x211-1.webp 768w\" sizes=\"(max-width: 300px) 100vw, 300px\" \/>\t\t\t\t\t\t\t\t\t\t\t\t\t\t\t<\/div>\n\t\t\t\t<\/div>\n\t\t\t\t<div class=\"elementor-element elementor-element-662c9240 elementor-widget elementor-widget-text-editor\" data-id=\"662c9240\" data-element_type=\"widget\" data-e-type=\"widget\" data-widget_type=\"text-editor.default\">\n\t\t\t\t<div class=\"elementor-widget-container\">\n\t\t\t\t\t\t\t\t\t<p>Gdzie kupi\u0107 Fervex online?<\/p>\t\t\t\t\t\t\t\t<\/div>\n\t\t\t\t<\/div>\n\t\t\t\t<div class=\"elementor-element elementor-element-16909f9c elementor-align-center elementor-widget elementor-widget-button\" data-id=\"16909f9c\" data-element_type=\"widget\" data-e-type=\"widget\" data-widget_type=\"button.default\">\n\t\t\t\t<div class=\"elementor-widget-container\">\n\t\t\t\t\t\t\t\t\t<div class=\"elementor-button-wrapper\">\n\t\t\t\t\t<a class=\"elementor-button elementor-button-link elementor-size-sm\" href=\"https:\/\/www.ceneo.pl\/Zdrowie;szukaj-fervex\" target=\"_blank\">\n\t\t\t\t\t\t<span class=\"elementor-button-content-wrapper\">\n\t\t\t\t\t\t\t\t\t<span class=\"elementor-button-text\">PRZEJD\u0179 DO CENEO.PL<\/span>\n\t\t\t\t\t<\/span>\n\t\t\t\t\t<\/a>\n\t\t\t\t<\/div>\n\t\t\t\t\t\t\t\t<\/div>\n\t\t\t\t<\/div>\n\t\t\t\t\t<\/div>\n\t\t<\/div>\n\t\t\t\t<div class=\"elementor-column elementor-col-50 elementor-top-column elementor-element elementor-element-56f48c71\" data-id=\"56f48c71\" data-element_type=\"column\" data-e-type=\"column\">\n\t\t\t<div class=\"elementor-widget-wrap elementor-element-populated\">\n\t\t\t\t\t\t<div class=\"elementor-element elementor-element-4f7e27c0 elementor-widget elementor-widget-image\" data-id=\"4f7e27c0\" data-element_type=\"widget\" data-e-type=\"widget\" data-widget_type=\"image.default\">\n\t\t\t\t<div class=\"elementor-widget-container\">\n\t\t\t\t\t\t\t\t\t\t\t\t\t\t\t<img decoding=\"async\" width=\"54\" height=\"65\" src=\"https:\/\/www.fervex.pl\/przeziebienie\/wp-content\/uploads\/2025\/11\/Vector-Smart-Object.webp\" class=\"attachment-medium size-medium wp-image-2506\" alt=\"\" \/>\t\t\t\t\t\t\t\t\t\t\t\t\t\t\t<\/div>\n\t\t\t\t<\/div>\n\t\t\t\t<div class=\"elementor-element elementor-element-34cd390e elementor-widget elementor-widget-text-editor\" data-id=\"34cd390e\" data-element_type=\"widget\" data-e-type=\"widget\" data-widget_type=\"text-editor.default\">\n\t\t\t\t<div class=\"elementor-widget-container\">\n\t\t\t\t\t\t\t\t\t<p>Sprawd\u017a dost\u0119pno\u015b\u0107 Fervex<\/p><p>w swoim mie\u015bcie<\/p>\t\t\t\t\t\t\t\t<\/div>\n\t\t\t\t<\/div>\n\t\t\t\t<div class=\"elementor-element elementor-element-3860b999 elementor-align-center elementor-widget elementor-widget-button\" data-id=\"3860b999\" data-element_type=\"widget\" data-e-type=\"widget\" data-widget_type=\"button.default\">\n\t\t\t\t<div class=\"elementor-widget-container\">\n\t\t\t\t\t\t\t\t\t<div class=\"elementor-button-wrapper\">\n\t\t\t\t\t<a class=\"elementor-button elementor-button-link elementor-size-sm\" href=\"https:\/\/www.gdziepolek.pl\/wyszukiwanie?q=fervex\" target=\"_blank\">\n\t\t\t\t\t\t<span class=\"elementor-button-content-wrapper\">\n\t\t\t\t\t\t\t\t\t<span class=\"elementor-button-text\">PRZEJD\u0179 DO GDZIEPOLEK.PL<\/span>\n\t\t\t\t\t<\/span>\n\t\t\t\t\t<\/a>\n\t\t\t\t<\/div>\n\t\t\t\t\t\t\t\t<\/div>\n\t\t\t\t<\/div>\n\t\t\t\t\t<\/div>\n\t\t<\/div>\n\t\t\t\t\t<\/div>\n\t\t<\/section>\n\t\t\t\t<section class=\"elementor-section elementor-top-section elementor-element elementor-element-501cb62 elementor-section-boxed elementor-section-height-default elementor-section-height-default\" data-id=\"501cb62\" data-element_type=\"section\" data-e-type=\"section\">\n\t\t\t\t\t\t<div class=\"elementor-container elementor-column-gap-default\">\n\t\t\t\t\t<div class=\"elementor-column elementor-col-100 elementor-top-column elementor-element elementor-element-40f010ed\" data-id=\"40f010ed\" data-element_type=\"column\" data-e-type=\"column\">\n\t\t\t<div class=\"elementor-widget-wrap elementor-element-populated\">\n\t\t\t\t\t\t<div class=\"elementor-element elementor-element-2ea888d6 elementor-widget elementor-widget-spacer\" data-id=\"2ea888d6\" data-element_type=\"widget\" data-e-type=\"widget\" data-widget_type=\"spacer.default\">\n\t\t\t\t<div class=\"elementor-widget-container\">\n\t\t\t\t\t\t\t<div class=\"elementor-spacer\">\n\t\t\t<div class=\"elementor-spacer-inner\"><\/div>\n\t\t<\/div>\n\t\t\t\t\t\t<\/div>\n\t\t\t\t<\/div>\n\t\t\t\t\t<\/div>\n\t\t<\/div>\n\t\t\t\t\t<\/div>\n\t\t<\/section>\n\t\t\t\t<section class=\"elementor-section elementor-top-section elementor-element elementor-element-cb577a6 elementor-section-boxed elementor-section-height-default elementor-section-height-default\" data-id=\"cb577a6\" data-element_type=\"section\" data-e-type=\"section\">\n\t\t\t\t\t\t<div class=\"elementor-container elementor-column-gap-default\">\n\t\t\t\t\t<div class=\"elementor-column elementor-col-100 elementor-top-column elementor-element elementor-element-6811023b\" data-id=\"6811023b\" data-element_type=\"column\" data-e-type=\"column\">\n\t\t\t<div class=\"elementor-widget-wrap elementor-element-populated\">\n\t\t\t\t\t\t<div class=\"elementor-element elementor-element-10c75735 elementor-widget elementor-widget-html\" data-id=\"10c75735\" data-element_type=\"widget\" data-e-type=\"widget\" data-widget_type=\"html.default\">\n\t\t\t\t<div class=\"elementor-widget-container\">\n\t\t\t\t\t<div class=\"acf-map\" style=\"position: relative; overflow: hidden; height: 500px;\">\n                <div style=\"height: 100%; width: 100%; position: absolute; top: 0px; left: 0px; text-align: left;\">\n                    <iframe src=\"https:\/\/www.gdziepolek.pl\/partner\/fervex?tag=fervex\" style=\"border: none; width: 100%; height: 100%;\"><\/iframe>\n\n                <\/div>\n<\/div>\n<div style=\"margin-left: 5px; margin-top: 5px;\">Technologi\u0119 dostarcza <a href=\"https:\/\/www.gdziepolek.pl\">www.GdziePoLek.pl<\/a><\/div>\t\t\t\t<\/div>\n\t\t\t\t<\/div>\n\t\t\t\t\t<\/div>\n\t\t<\/div>\n\t\t\t\t\t<\/div>\n\t\t<\/section>\n\t\t\t\t<\/div>\n\t\t","protected":false},"excerpt":{"rendered":"<p>Gdzie kupi\u0107? Sprawd\u017a dost\u0119pno\u015b\u0107 Gdzie kupi\u0107 Fervex online? PRZEJD\u0179 DO CENEO.PL Sprawd\u017a dost\u0119pno\u015b\u0107 Fervex w swoim mie\u015bcie PRZEJD\u0179 DO GDZIEPOLEK.PL Technologi\u0119 dostarcza www.GdziePoLek.pl<\/p>\n","protected":false},"author":5,"featured_media":0,"parent":0,"menu_order":0,"comment_status":"closed","ping_status":"closed","template":"","meta":{"_acf_changed":false,"inline_featured_image":false,"footnotes":""},"class_list":["post-2502","page","type-page","status-publish","hentry"],"acf":[],"yoast_head":"<!-- This site is optimized with the Yoast SEO plugin v27.4 - https:\/\/yoast.com\/product\/yoast-seo-wordpress\/ -->\n<title>Gdzie kupi\u0107 - UPSA Fervex<\/title>\n<meta name=\"robots\" content=\"index, follow, max-snippet:-1, max-image-preview:large, max-video-preview:-1\" \/>\n<link rel=\"canonical\" href=\"https:\/\/www.fervex.pl\/przeziebienie\/gdzie-kupic\/\" \/>\n<meta property=\"og:locale\" content=\"pl_PL\" \/>\n<meta property=\"og:type\" content=\"article\" \/>\n<meta property=\"og:title\" content=\"Gdzie kupi\u0107 - UPSA Fervex\" \/>\n<meta property=\"og:description\" content=\"Gdzie kupi\u0107? Sprawd\u017a dost\u0119pno\u015b\u0107 Gdzie kupi\u0107 Fervex online? PRZEJD\u0179 DO CENEO.PL Sprawd\u017a dost\u0119pno\u015b\u0107 Fervex w swoim mie\u015bcie PRZEJD\u0179 DO GDZIEPOLEK.PL Technologi\u0119 dostarcza www.GdziePoLek.pl\" \/>\n<meta property=\"og:url\" content=\"https:\/\/www.fervex.pl\/przeziebienie\/gdzie-kupic\/\" \/>\n<meta property=\"og:site_name\" content=\"UPSA Fervex\" \/>\n<meta property=\"article:modified_time\" content=\"2025-11-26T10:03:35+00:00\" \/>\n<meta property=\"og:image\" content=\"https:\/\/www.fervex.pl\/przeziebienie\/wp-content\/uploads\/2025\/11\/Ceneo_Logo.svg-768x211-1.webp\" \/>\n\t<meta property=\"og:image:width\" content=\"768\" \/>\n\t<meta property=\"og:image:height\" content=\"211\" \/>\n\t<meta property=\"og:image:type\" content=\"image\/webp\" \/>\n<meta name=\"twitter:card\" content=\"summary_large_image\" \/>\n<meta name=\"twitter:label1\" content=\"Szacowany czas czytania\" \/>\n\t<meta name=\"twitter:data1\" content=\"1 minuta\" \/>\n<!-- \/ Yoast SEO plugin. -->","yoast_head_json":{"title":"Gdzie kupi\u0107 - UPSA Fervex","robots":{"index":"index","follow":"follow","max-snippet":"max-snippet:-1","max-image-preview":"max-image-preview:large","max-video-preview":"max-video-preview:-1"},"canonical":"https:\/\/www.fervex.pl\/przeziebienie\/gdzie-kupic\/","og_locale":"pl_PL","og_type":"article","og_title":"Gdzie kupi\u0107 - UPSA Fervex","og_description":"Gdzie kupi\u0107? Sprawd\u017a dost\u0119pno\u015b\u0107 Gdzie kupi\u0107 Fervex online? PRZEJD\u0179 DO CENEO.PL Sprawd\u017a dost\u0119pno\u015b\u0107 Fervex w swoim mie\u015bcie PRZEJD\u0179 DO GDZIEPOLEK.PL Technologi\u0119 dostarcza www.GdziePoLek.pl","og_url":"https:\/\/www.fervex.pl\/przeziebienie\/gdzie-kupic\/","og_site_name":"UPSA Fervex","article_modified_time":"2025-11-26T10:03:35+00:00","og_image":[{"width":768,"height":211,"url":"https:\/\/www.fervex.pl\/przeziebienie\/wp-content\/uploads\/2025\/11\/Ceneo_Logo.svg-768x211-1.webp","type":"image\/webp"}],"twitter_card":"summary_large_image","twitter_misc":{"Szacowany czas czytania":"1 minuta"},"schema":{"@context":"https:\/\/schema.org","@graph":[{"@type":"WebPage","@id":"https:\/\/www.fervex.pl\/przeziebienie\/gdzie-kupic\/","url":"https:\/\/www.fervex.pl\/przeziebienie\/gdzie-kupic\/","name":"Gdzie kupi\u0107 - UPSA Fervex","isPartOf":{"@id":"https:\/\/www.fervex.pl\/przeziebienie\/#website"},"primaryImageOfPage":{"@id":"https:\/\/www.fervex.pl\/przeziebienie\/gdzie-kupic\/#primaryimage"},"image":{"@id":"https:\/\/www.fervex.pl\/przeziebienie\/gdzie-kupic\/#primaryimage"},"thumbnailUrl":"https:\/\/www.fervex.pl\/przeziebienie\/wp-content\/uploads\/2025\/11\/Ceneo_Logo.svg-768x211-1-300x82.webp","datePublished":"2025-11-20T09:59:23+00:00","dateModified":"2025-11-26T10:03:35+00:00","breadcrumb":{"@id":"https:\/\/www.fervex.pl\/przeziebienie\/gdzie-kupic\/#breadcrumb"},"inLanguage":"pl-PL","potentialAction":[{"@type":"ReadAction","target":["https:\/\/www.fervex.pl\/przeziebienie\/gdzie-kupic\/"]}]},{"@type":"ImageObject","inLanguage":"pl-PL","@id":"https:\/\/www.fervex.pl\/przeziebienie\/gdzie-kupic\/#primaryimage","url":"https:\/\/www.fervex.pl\/przeziebienie\/wp-content\/uploads\/2025\/11\/Ceneo_Logo.svg-768x211-1.webp","contentUrl":"https:\/\/www.fervex.pl\/przeziebienie\/wp-content\/uploads\/2025\/11\/Ceneo_Logo.svg-768x211-1.webp","width":768,"height":211},{"@type":"BreadcrumbList","@id":"https:\/\/www.fervex.pl\/przeziebienie\/gdzie-kupic\/#breadcrumb","itemListElement":[{"@type":"ListItem","position":1,"name":"Accueil","item":"https:\/\/www.fervex.pl\/przeziebienie\/"},{"@type":"ListItem","position":2,"name":"Gdzie kupi\u0107"}]},{"@type":"WebSite","@id":"https:\/\/www.fervex.pl\/przeziebienie\/#website","url":"https:\/\/www.fervex.pl\/przeziebienie\/","name":"UPSA Fervex","description":"","publisher":{"@id":"https:\/\/www.fervex.pl\/przeziebienie\/#organization"},"potentialAction":[{"@type":"SearchAction","target":{"@type":"EntryPoint","urlTemplate":"https:\/\/www.fervex.pl\/przeziebienie\/?s={search_term_string}"},"query-input":{"@type":"PropertyValueSpecification","valueRequired":true,"valueName":"search_term_string"}}],"inLanguage":"pl-PL"},{"@type":"Organization","@id":"https:\/\/www.fervex.pl\/przeziebienie\/#organization","name":"UPSA","url":"https:\/\/www.fervex.pl\/przeziebienie\/","logo":{"@type":"ImageObject","inLanguage":"pl-PL","@id":"https:\/\/www.fervex.pl\/przeziebienie\/#\/schema\/logo\/image\/","url":"https:\/\/www.fervex.pl\/przeziebienie\/wp-content\/uploads\/2021\/10\/logo.png","contentUrl":"https:\/\/www.fervex.pl\/przeziebienie\/wp-content\/uploads\/2021\/10\/logo.png","width":153,"height":53,"caption":"UPSA"},"image":{"@id":"https:\/\/www.fervex.pl\/przeziebienie\/#\/schema\/logo\/image\/"}}]}},"_links":{"self":[{"href":"https:\/\/www.fervex.pl\/przeziebienie\/wp-json\/wp\/v2\/pages\/2502","targetHints":{"allow":["GET"]}}],"collection":[{"href":"https:\/\/www.fervex.pl\/przeziebienie\/wp-json\/wp\/v2\/pages"}],"about":[{"href":"https:\/\/www.fervex.pl\/przeziebienie\/wp-json\/wp\/v2\/types\/page"}],"author":[{"embeddable":true,"href":"https:\/\/www.fervex.pl\/przeziebienie\/wp-json\/wp\/v2\/users\/5"}],"replies":[{"embeddable":true,"href":"https:\/\/www.fervex.pl\/przeziebienie\/wp-json\/wp\/v2\/comments?post=2502"}],"version-history":[{"count":7,"href":"https:\/\/www.fervex.pl\/przeziebienie\/wp-json\/wp\/v2\/pages\/2502\/revisions"}],"predecessor-version":[{"id":2569,"href":"https:\/\/www.fervex.pl\/przeziebienie\/wp-json\/wp\/v2\/pages\/2502\/revisions\/2569"}],"wp:attachment":[{"href":"https:\/\/www.fervex.pl\/przeziebienie\/wp-json\/wp\/v2\/media?parent=2502"}],"curies":[{"name":"wp","href":"https:\/\/api.w.org\/{rel}","templated":true}]}}